{"id":45,"date":"2021-03-05T14:06:46","date_gmt":"2021-03-05T14:06:46","guid":{"rendered":"https:\/\/theelearninghub.net\/?page_id=45"},"modified":"2021-03-08T11:33:45","modified_gmt":"2021-03-08T11:33:45","slug":"aviso-legal","status":"publish","type":"page","link":"https:\/\/alumnelms.com\/recursos\/aviso-legal\/","title":{"rendered":"Aviso Legal"},"content":{"rendered":"\n<p>Este portal ha sido creado por Alumne Elearning S.L., en lo sucesivo ALUMNE, con car\u00e1cter<br>informativo y para uso personal.<\/p>\n\n\n\n<p><br><strong>DATOS GENERALES DE ALUMNE:<\/strong><\/p>\n\n\n\n<p><br>ALUMNE, con domicilio social en calle Mah\u00f3n 10 2\u00ba C, 28290, Las Rozas, Madrid, ESPA\u00d1A, y CIF<br>B87181186, se halla inscrito en el registro mercantil de Madrid, Tomo: 33029, Folio: 100,<br>Secci\u00f3n: 8, Hoja: M-5945.<\/p>\n\n\n\n<p>El hecho de acceder a este portal implica el conocimiento y aceptaci\u00f3n de los siguientes t\u00e9rminos<br>y condiciones, por lo que le recomendamos que lea atentamente su contenido si usted desea<br>acceder y hacer uso de la informaci\u00f3n y los servicios ofrecidos desde los portales de ALUMNE.<br><\/p>\n\n\n\n<p><strong>Actualidad y Modificaci\u00f3n de la informaci\u00f3n:<\/strong><br><\/p>\n\n\n\n<p>La informaci\u00f3n que aparece en este portal es la vigente en la fecha de su \u00faltima actualizaci\u00f3n.<br>ALUMNE, se reserva el derecho a actualizar, modificar o eliminar la informaci\u00f3n de cualquier<br>portal de ALUMNE, pudiendo limitar o no permitir el acceso al mismo.<br>No se podr\u00e1 alterar, cambiar, modificar, o adaptar cualquier portal de ALUMNE. No obstante,<br>ALUMNE, se reserva la facultad de efectuar, en cualquier momento, cuantos cambios y<br>modificaciones estime convenientes, pudiendo hacer uso de tal facultad en cualquier momento<br>y sin necesidad de previo aviso al usuario. ALUMNE, se reserva la facultad de modificar<br>unilateralmente las condiciones y t\u00e9rminos de uso de cualquiera de sus portales web. Cualquier<br>modificaci\u00f3n de los mismos se informar\u00e1 convenientemente en el propio portal. La entrada en<br>vigor de las modificaciones de las condiciones de uso se producir\u00e1 desde el momento de su<br>publicaci\u00f3n en el portal correspondiente.<br><\/p>\n\n\n\n<p><strong>Navegaci\u00f3n, acceso y seguridad:<\/strong><br><\/p>\n\n\n\n<p>El acceso y navegaci\u00f3n en este portal supone aceptar y conocer las advertencias legales,<br>condiciones y t\u00e9rminos de uso contenidas en ella. ALUMNE, realiza los m\u00e1ximos esfuerzos para<br>que la navegaci\u00f3n se realice en las mejores condiciones y evitar los perjuicios de cualquier tipo<br>que pudiesen ocasionarse durante la misma. Este portal ha sido dise\u00f1ado para soportar los<br>navegadores Internet Explorer, Firefox, Safari y Chrome. ALUMNE, no se hace responsable de<br>los perjuicios, de cualquier \u00edndole, que pudieran ocasionarse a los usuarios por la utilizaci\u00f3n de<br>otros navegadores o versiones distintas de los navegadores para los que ha sido dise\u00f1ado el<br>portal. El acceso a los servicios transaccionales, en su caso, y aquellos que incluyen la captura<br>de datos personales se realiza en un entorno seguro utilizando protocolo SSL (Secure Socker<br>Layer). El servidor seguro establece una conexi\u00f3n de modo que la informaci\u00f3n se transmite<br>cifrada. Esto asegura que el contenido transmitido es s\u00f3lo inteligible para el ordenador cliente y<br>el servidor de ALUMNE. El usuario puede comprobar que se encuentra dentro de un entorno<br>seguro si en la barra de estado de su navegador aparece un candado cerrado. ALUMNE, no se<br>responsabiliza ni garantiza que el acceso a este portal sea ininterrumpido o que est\u00e9 libre de<br>error. Tampoco se responsabiliza o garantiza que el contenido o software al que pueda<br>accederse a trav\u00e9s de este portal, est\u00e9 libre de error o cause un da\u00f1o. En ning\u00fan caso Bankia,<br>ser\u00e1 responsable por las p\u00e9rdidas, da\u00f1os o perjuicios de cualquier tipo que pueda sufrir el<br>usuario por el acceso y el uso de la p\u00e1gina web, incluy\u00e9ndose, pero no limit\u00e1ndose, a los<br>ocasionados a los sistemas inform\u00e1ticos o los provocados por la introducci\u00f3n de virus. ALUMNE,<br>no se hace responsable de los da\u00f1os que pudiesen ocasionarse a los usuarios por un uso<br>inadecuado de este portal. Los servicios ofertados en este portal s\u00f3lo pueden ser utilizados<br>correctamente si se cumplen las especificaciones t\u00e9cnicas para las que ha sido dise\u00f1ado.<br><\/p>\n\n\n\n<p><strong>Propiedad Intelectual:<\/strong><br><\/p>\n\n\n\n<p>Este portal y los contenidos que alberga se encuentran protegidos por las leyes de Propiedad<br>Intelectual. No podr\u00e1n ser objeto de explotaci\u00f3n, reproducci\u00f3n, distribuci\u00f3n, modificaci\u00f3n,<br>comunicaci\u00f3n p\u00fablica, cesi\u00f3n o transformaci\u00f3n. El acceso a este portal no otorga a los usuarios<br>derecho ni titularidad alguna sobre los derechos de propiedad intelectual de los contenidos que<br>alberga este portal. El contenido de este portal puede ser descargado al terminal del usuario,<br>siempre que sea para su uso privado y sin ning\u00fan fin comercial; por lo tanto, el usuario no podr\u00e1<br>explotar, reproducir, distribuir, modificar, comunicar p\u00fablicamente, ceder, transformar o usar<br>el contenido de este portal con fines p\u00fablicos o comerciales. ALUMNE, no transfiere a los<br>usuarios la propiedad de su software. El nombre comercial, las marcas, logo, productos y<br>servicios que contiene este portal se encuentran protegidos por ley. ALUMNE, se reserva la<br>posibilidad de ejercer las acciones judiciales que correspondan contra los usuarios que violen o<br>infrinjan los derechos de propiedad intelectual e industrial.<br><\/p>\n\n\n\n<p><strong>Legislaci\u00f3n aplicable<\/strong><br><\/p>\n\n\n\n<p>Los t\u00e9rminos y condiciones que rigen este portal y todas las relaciones que pudieran derivarse<br>se encuentran salvaguardados por la legislaci\u00f3n espa\u00f1ola. Cualquier controversia que pudiera<br>derivarse del acceso o la utilizaci\u00f3n de este portal se somete a la exclusiva jurisdicci\u00f3n de los<br>tribunales de Madrid (Espa\u00f1a).<\/p>\n\n\n\n<p>Tambi\u00e9n te puede interesar revisar nuestra <a href=\"https:\/\/grupoalumne.com\/politica_privacidad.pdf\" data-type=\"URL\" data-id=\"https:\/\/grupoalumne.com\/politica_privacidad.pdf\" target=\"_blank\" rel=\"noreferrer noopener\">Pol\u00edtica de Privacidad y Cookies<\/a><\/p>\n","protected":false},"excerpt":{"rendered":"<p>Este portal ha sido creado por Alumne Elearning S.L., en lo sucesivo ALUMNE, con car\u00e1cterinformativo y para uso personal. DATOS GENERALES DE ALUMNE: ALUMNE, con domicilio social en calle Mah\u00f3n&#8230;<\/p>\n","protected":false},"author":1,"featured_media":0,"parent":0,"menu_order":0,"comment_status":"closed","ping_status":"closed","template":"","meta":{"footnotes":""},"class_list":["post-45","page","type-page","status-publish","hentry"],"yoast_head":"<!-- This site is optimized with the Yoast SEO plugin v27.3 - https:\/\/yoast.com\/product\/yoast-seo-wordpress\/ -->\n<title>Aviso Legal - Recursos - Alumne LMS<\/title>\n<meta name=\"robots\" content=\"index, follow, max-snippet:-1, max-image-preview:large, max-video-preview:-1\" \/>\n<link rel=\"canonical\" href=\"https:\/\/alumnelms.com\/recursos\/aviso-legal\/\" \/>\n<meta property=\"og:locale\" content=\"es_ES\" \/>\n<meta property=\"og:type\" content=\"article\" \/>\n<meta property=\"og:title\" content=\"Aviso Legal - Recursos - Alumne LMS\" \/>\n<meta property=\"og:description\" content=\"Este portal ha sido creado por Alumne Elearning S.L., en lo sucesivo ALUMNE, con car\u00e1cterinformativo y para uso personal. DATOS GENERALES DE ALUMNE: ALUMNE, con domicilio social en calle Mah\u00f3n...\" \/>\n<meta property=\"og:url\" content=\"https:\/\/alumnelms.com\/recursos\/aviso-legal\/\" \/>\n<meta property=\"og:site_name\" content=\"Recursos - Alumne LMS\" \/>\n<meta property=\"article:modified_time\" content=\"2021-03-08T11:33:45+00:00\" \/>\n<meta name=\"twitter:card\" content=\"summary_large_image\" \/>\n<meta name=\"twitter:label1\" content=\"Tiempo de lectura\" \/>\n\t<meta name=\"twitter:data1\" content=\"4 minutos\" \/>\n<script type=\"application\/ld+json\" class=\"yoast-schema-graph\">{\"@context\":\"https:\\\/\\\/schema.org\",\"@graph\":[{\"@type\":\"WebPage\",\"@id\":\"https:\\\/\\\/alumnelms.com\\\/recursos\\\/aviso-legal\\\/\",\"url\":\"https:\\\/\\\/alumnelms.com\\\/recursos\\\/aviso-legal\\\/\",\"name\":\"Aviso Legal - Recursos - Alumne LMS\",\"isPartOf\":{\"@id\":\"https:\\\/\\\/alumnelms.com\\\/recursos\\\/#website\"},\"datePublished\":\"2021-03-05T14:06:46+00:00\",\"dateModified\":\"2021-03-08T11:33:45+00:00\",\"breadcrumb\":{\"@id\":\"https:\\\/\\\/alumnelms.com\\\/recursos\\\/aviso-legal\\\/#breadcrumb\"},\"inLanguage\":\"es\",\"potentialAction\":[{\"@type\":\"ReadAction\",\"target\":[\"https:\\\/\\\/alumnelms.com\\\/recursos\\\/aviso-legal\\\/\"]}]},{\"@type\":\"BreadcrumbList\",\"@id\":\"https:\\\/\\\/alumnelms.com\\\/recursos\\\/aviso-legal\\\/#breadcrumb\",\"itemListElement\":[{\"@type\":\"ListItem\",\"position\":1,\"name\":\"Portada\",\"item\":\"https:\\\/\\\/alumnelms.com\\\/recursos\\\/\"},{\"@type\":\"ListItem\",\"position\":2,\"name\":\"Aviso Legal\"}]},{\"@type\":\"WebSite\",\"@id\":\"https:\\\/\\\/alumnelms.com\\\/recursos\\\/#website\",\"url\":\"https:\\\/\\\/alumnelms.com\\\/recursos\\\/\",\"name\":\"Recursos - Alumne LMS\",\"description\":\"# EdTech para todos\",\"publisher\":{\"@id\":\"https:\\\/\\\/alumnelms.com\\\/recursos\\\/#organization\"},\"potentialAction\":[{\"@type\":\"SearchAction\",\"target\":{\"@type\":\"EntryPoint\",\"urlTemplate\":\"https:\\\/\\\/alumnelms.com\\\/recursos\\\/?s={search_term_string}\"},\"query-input\":{\"@type\":\"PropertyValueSpecification\",\"valueRequired\":true,\"valueName\":\"search_term_string\"}}],\"inLanguage\":\"es\"},{\"@type\":\"Organization\",\"@id\":\"https:\\\/\\\/alumnelms.com\\\/recursos\\\/#organization\",\"name\":\"Recursos - Alumne LMS\",\"url\":\"https:\\\/\\\/alumnelms.com\\\/recursos\\\/\",\"logo\":{\"@type\":\"ImageObject\",\"inLanguage\":\"es\",\"@id\":\"https:\\\/\\\/alumnelms.com\\\/recursos\\\/#\\\/schema\\\/logo\\\/image\\\/\",\"url\":\"https:\\\/\\\/alumnelms.com\\\/recursos\\\/wp-content\\\/uploads\\\/2025\\\/03\\\/cropped-logo_login.png\",\"contentUrl\":\"https:\\\/\\\/alumnelms.com\\\/recursos\\\/wp-content\\\/uploads\\\/2025\\\/03\\\/cropped-logo_login.png\",\"width\":220,\"height\":100,\"caption\":\"Recursos - Alumne LMS\"},\"image\":{\"@id\":\"https:\\\/\\\/alumnelms.com\\\/recursos\\\/#\\\/schema\\\/logo\\\/image\\\/\"}}]}<\/script>\n<!-- \/ Yoast SEO plugin. -->","yoast_head_json":{"title":"Aviso Legal - Recursos - Alumne LMS","robots":{"index":"index","follow":"follow","max-snippet":"max-snippet:-1","max-image-preview":"max-image-preview:large","max-video-preview":"max-video-preview:-1"},"canonical":"https:\/\/alumnelms.com\/recursos\/aviso-legal\/","og_locale":"es_ES","og_type":"article","og_title":"Aviso Legal - Recursos - Alumne LMS","og_description":"Este portal ha sido creado por Alumne Elearning S.L., en lo sucesivo ALUMNE, con car\u00e1cterinformativo y para uso personal. DATOS GENERALES DE ALUMNE: ALUMNE, con domicilio social en calle Mah\u00f3n...","og_url":"https:\/\/alumnelms.com\/recursos\/aviso-legal\/","og_site_name":"Recursos - Alumne LMS","article_modified_time":"2021-03-08T11:33:45+00:00","twitter_card":"summary_large_image","twitter_misc":{"Tiempo de lectura":"4 minutos"},"schema":{"@context":"https:\/\/schema.org","@graph":[{"@type":"WebPage","@id":"https:\/\/alumnelms.com\/recursos\/aviso-legal\/","url":"https:\/\/alumnelms.com\/recursos\/aviso-legal\/","name":"Aviso Legal - Recursos - Alumne LMS","isPartOf":{"@id":"https:\/\/alumnelms.com\/recursos\/#website"},"datePublished":"2021-03-05T14:06:46+00:00","dateModified":"2021-03-08T11:33:45+00:00","breadcrumb":{"@id":"https:\/\/alumnelms.com\/recursos\/aviso-legal\/#breadcrumb"},"inLanguage":"es","potentialAction":[{"@type":"ReadAction","target":["https:\/\/alumnelms.com\/recursos\/aviso-legal\/"]}]},{"@type":"BreadcrumbList","@id":"https:\/\/alumnelms.com\/recursos\/aviso-legal\/#breadcrumb","itemListElement":[{"@type":"ListItem","position":1,"name":"Portada","item":"https:\/\/alumnelms.com\/recursos\/"},{"@type":"ListItem","position":2,"name":"Aviso Legal"}]},{"@type":"WebSite","@id":"https:\/\/alumnelms.com\/recursos\/#website","url":"https:\/\/alumnelms.com\/recursos\/","name":"Recursos - Alumne LMS","description":"# EdTech para todos","publisher":{"@id":"https:\/\/alumnelms.com\/recursos\/#organization"},"potentialAction":[{"@type":"SearchAction","target":{"@type":"EntryPoint","urlTemplate":"https:\/\/alumnelms.com\/recursos\/?s={search_term_string}"},"query-input":{"@type":"PropertyValueSpecification","valueRequired":true,"valueName":"search_term_string"}}],"inLanguage":"es"},{"@type":"Organization","@id":"https:\/\/alumnelms.com\/recursos\/#organization","name":"Recursos - Alumne LMS","url":"https:\/\/alumnelms.com\/recursos\/","logo":{"@type":"ImageObject","inLanguage":"es","@id":"https:\/\/alumnelms.com\/recursos\/#\/schema\/logo\/image\/","url":"https:\/\/alumnelms.com\/recursos\/wp-content\/uploads\/2025\/03\/cropped-logo_login.png","contentUrl":"https:\/\/alumnelms.com\/recursos\/wp-content\/uploads\/2025\/03\/cropped-logo_login.png","width":220,"height":100,"caption":"Recursos - Alumne LMS"},"image":{"@id":"https:\/\/alumnelms.com\/recursos\/#\/schema\/logo\/image\/"}}]}},"jetpack_sharing_enabled":true,"_links":{"self":[{"href":"https:\/\/alumnelms.com\/recursos\/wp-json\/wp\/v2\/pages\/45","targetHints":{"allow":["GET"]}}],"collection":[{"href":"https:\/\/alumnelms.com\/recursos\/wp-json\/wp\/v2\/pages"}],"about":[{"href":"https:\/\/alumnelms.com\/recursos\/wp-json\/wp\/v2\/types\/page"}],"author":[{"embeddable":true,"href":"https:\/\/alumnelms.com\/recursos\/wp-json\/wp\/v2\/users\/1"}],"replies":[{"embeddable":true,"href":"https:\/\/alumnelms.com\/recursos\/wp-json\/wp\/v2\/comments?post=45"}],"version-history":[{"count":2,"href":"https:\/\/alumnelms.com\/recursos\/wp-json\/wp\/v2\/pages\/45\/revisions"}],"predecessor-version":[{"id":65,"href":"https:\/\/alumnelms.com\/recursos\/wp-json\/wp\/v2\/pages\/45\/revisions\/65"}],"wp:attachment":[{"href":"https:\/\/alumnelms.com\/recursos\/wp-json\/wp\/v2\/media?parent=45"}],"curies":[{"name":"wp","href":"https:\/\/api.w.org\/{rel}","templated":true}]}}